{"id":9,"date":"2025-06-16T07:22:37","date_gmt":"2025-06-16T07:22:37","guid":{"rendered":"https:\/\/ravintolapalkki.fi\/?page_id=9"},"modified":"2025-06-25T16:11:53","modified_gmt":"2025-06-25T16:11:53","slug":"ravintola-palkki","status":"publish","type":"page","link":"https:\/\/ravintolapalkki.fi\/","title":{"rendered":"Ravintola Palkki"},"content":{"rendered":"<div class=\"wpb-content-wrapper\">[vc_row fullscreen=&#8221;yes&#8221; eq_height=&#8221;yes&#8221; content_placement=&#8221;middle&#8221; parallax=&#8221;yes&#8221; enable_bot_shape_divider=&#8221;true&#8221; bot_shape_divider_color=&#8221;#E0C99F&#8221; enable_gradient=&#8221;true&#8221; col_overlay=&#8221;#FFFFFF00&#8243; col_overlay2=&#8221;#B32323C7&#8243; cr_slider_deg=&#8221;180&#8243; css=&#8221;.vc_custom_1750866055133{padding-top: 10px !important;padding-right: 10px !important;padding-bottom: 130px !important;padding-left: 10px !important;}&#8221; bot_shape_type=&#8221;waves&#8221;][vc_column width=&#8221;1\/2&#8243;][vc_single_image image=&#8221;13&#8243; img_size=&#8221;full&#8221; alignment=&#8221;center&#8221; style=&#8221;vc_box_shadow_3d&#8221; css=&#8221;&#8221;][\/vc_column][vc_column col_shadow=&#8221;&#8221; width=&#8221;1\/2&#8243; css=&#8221;.vc_custom_1749045209149{background-color: #00000000 !important;}&#8221;][vc_column_text css=&#8221;.vc_custom_1750406824006{background-color: #FFFFFF00 !important;}&#8221; el_class=&#8221;font_weight_700&#8243; font_color=&#8221;#FFFBDB&#8221;]\n<h1><b>Rosoista ruokaa.<br \/>\nRonskia makua.<\/b><\/h1>\n[\/vc_column_text][vc_column_text css=&#8221;.vc_custom_1750406854734{padding-top: 20px !important;}&#8221; line_height=&#8221;17px&#8221;]Meill\u00e4 ei piperryst\u00e4 tunneta \u2013 Palkin burgereissa on kokoa, makua ja asennetta. Pihvit paistetaan pinnasta rapeiksi, sis\u00e4lt\u00e4 meheviksi, ja s\u00e4mpyl\u00e4 on briossia, kuten kuuluukin. V\u00e4liin isket\u00e4\u00e4n kaikkea muuta kuin tyls\u00e4\u00e4: paahdettua pekonia, sulavaa juustoa ja meid\u00e4n omassa keitti\u00f6ss\u00e4 tehtyj\u00e4 kastikkeita, joista jokainen haukkaus puraisee takaisin.[\/vc_column_text][vc_column_text css=&#8221;.vc_custom_1750406831436{background-color: #FFFFFF00 !important;}&#8221; el_class=&#8221;font_weight_700&#8243; font_color=&#8221;#FFFBDB&#8221;]\n<h1><b>Rapeat siivet.<br \/>\nRonskilla otteella.<\/b><\/h1>\n[\/vc_column_text][vc_column_text css=&#8221;.vc_custom_1750661697991{padding-top: 20px !important;}&#8221; line_height=&#8221;17px&#8221;]Palkin siivet eiv\u00e4t ole sivuosassa.<\/p>\n<p>Valitse klassinen <b>medium<\/b>, rehellinen <b>hot. <\/b>Kylkeen viel\u00e4 porkkanat ja lisukkeeksi vaikka meid\u00e4n k\u00e4sintehty valkosipulimajoneesi. T\u00e4ydellinen tasapaino tulisen ja t\u00e4ytel\u00e4isen v\u00e4lill\u00e4.<\/p>\n<p>Siivet eiv\u00e4t koskaan ole olleet n\u00e4in <b>kipakoita, rapeita ja koukuttavia<\/b>. Sy\u00f6 sormin \u2013 niin kuin pit\u00e4\u00e4kin.<\/p>\n<p>T\u00e4m\u00e4 ei ole fine diningia. T\u00e4m\u00e4 on <b>Palkki.<\/b> Tervetuloa sy\u00f6m\u00e4\u00e4n niin kuin kuuluu.[\/vc_column_text][\/vc_column][\/vc_row][vc_row fullscreen=&#8221;yes&#8221; enable_shape_divider=&#8221;true&#8221; shape_divider_color=&#8221;#E0C99F&#8221; enable_bot_shape_divider=&#8221;true&#8221; bot_shape_divider_color=&#8221;#E0C99F&#8221; section_id=&#8221;menu&#8221; css=&#8221;.vc_custom_1750857369099{background: #E0C99F url(https:\/\/ravintolapalkki.fi\/wp-content\/uploads\/2025\/06\/777-scaled.jpg?id=123) !important;background-position: center !important;background-repeat: no-repeat !important;background-size: cover !important;}&#8221; shape_type=&#8221;waves_opacity_3&#8243; bot_shape_type=&#8221;waves&#8221;][vc_column][vc_row_inner equal_height=&#8221;yes&#8221; content_placement=&#8221;top&#8221; css=&#8221;.vc_custom_1749044598360{padding-top: 40px !important;}&#8221;][vc_column_inner css=&#8221;.vc_custom_1750663054159{padding-top: 10px !important;}&#8221;][vc_single_image image=&#8221;103&#8243; img_size=&#8221;full&#8221; alignment=&#8221;center&#8221; css_animation=&#8221;bounceIn&#8221; css=&#8221;&#8221;][\/vc_column_inner][\/vc_row_inner][vc_custom_heading text=&#8221;Maistuvat hampurilaiset. Kipakat siivet. Tuhdit annokset.&#8221; font_container=&#8221;tag:h1|font_size:39|text_align:center|color:%23C24646&#8243; use_theme_fonts=&#8221;yes&#8221; css=&#8221;.vc_custom_1750854325082{margin-bottom: 20px !important;padding-top: 60px !important;}&#8221;][vc_custom_heading text=&#8221;Tule maistamaan \u2013 et poistu n\u00e4lk\u00e4isen\u00e4.&#8221; font_container=&#8221;tag:h6|font_size:27|text_align:center|color:%23353232&#8243; use_theme_fonts=&#8221;yes&#8221; css_animation=&#8221;bounceInUp&#8221; css=&#8221;.vc_custom_1750854354752{margin-bottom: 20px !important;}&#8221;][vc_column_text css=&#8221;.vc_custom_1750867191251{padding-bottom: 10px !important;}&#8221; font_color=&#8221;#C95757&#8243; font_size=&#8221;12&#8243;]\n<p style=\"text-align: center;\"><em>KAIKKI L\u00d6YTYY GLUTEENITTOMANA JA LAKTOOSITTOMANA<\/em><\/p>\n[\/vc_column_text][vc_row_inner equal_height=&#8221;yes&#8221; content_placement=&#8221;top&#8221;][vc_column_inner width=&#8221;1\/2&#8243; css=&#8221;.vc_custom_1750663054159{padding-top: 10px !important;}&#8221;][vc_single_image image=&#8221;147&#8243; img_size=&#8221;full&#8221; alignment=&#8221;center&#8221; style=&#8221;vc_box_outline&#8221; border_color=&#8221;black&#8221; css=&#8221;&#8221;][\/vc_column_inner][vc_column_inner width=&#8221;1\/2&#8243; css=&#8221;.vc_custom_1750663064204{padding-top: 10px !important;}&#8221;][vc_single_image image=&#8221;146&#8243; img_size=&#8221;full&#8221; alignment=&#8221;center&#8221; style=&#8221;vc_box_outline&#8221; border_color=&#8221;black&#8221; css=&#8221;&#8221;][\/vc_column_inner][\/vc_row_inner][vc_row_inner equal_height=&#8221;yes&#8221; content_placement=&#8221;top&#8221;][vc_column_inner width=&#8221;1\/2&#8243; css=&#8221;.vc_custom_1750663054159{padding-top: 10px !important;}&#8221;][vc_single_image image=&#8221;145&#8243; img_size=&#8221;full&#8221; alignment=&#8221;center&#8221; style=&#8221;vc_box_outline&#8221; border_color=&#8221;black&#8221; css=&#8221;&#8221;][\/vc_column_inner][vc_column_inner width=&#8221;1\/2&#8243; css=&#8221;.vc_custom_1750663064204{padding-top: 10px !important;}&#8221;][vc_single_image image=&#8221;154&#8243; img_size=&#8221;full&#8221; alignment=&#8221;center&#8221; style=&#8221;vc_box_outline&#8221; border_color=&#8221;black&#8221; css=&#8221;&#8221;][\/vc_column_inner][\/vc_row_inner][vc_row_inner equal_height=&#8221;yes&#8221; content_placement=&#8221;top&#8221;][vc_column_inner width=&#8221;1\/2&#8243; css=&#8221;.vc_custom_1750663054159{padding-top: 10px !important;}&#8221;][vc_single_image image=&#8221;143&#8243; img_size=&#8221;full&#8221; alignment=&#8221;center&#8221; style=&#8221;vc_box_outline&#8221; border_color=&#8221;black&#8221; css=&#8221;&#8221;][\/vc_column_inner][vc_column_inner width=&#8221;1\/2&#8243; css=&#8221;.vc_custom_1750663064204{padding-top: 10px !important;}&#8221;][vc_single_image image=&#8221;91&#8243; img_size=&#8221;full&#8221; alignment=&#8221;center&#8221; style=&#8221;vc_box_outline&#8221; border_color=&#8221;black&#8221; css=&#8221;&#8221;][\/vc_column_inner][\/vc_row_inner][vc_row_inner equal_height=&#8221;yes&#8221; content_placement=&#8221;top&#8221;][vc_column_inner width=&#8221;1\/2&#8243; css=&#8221;.vc_custom_1750663054159{padding-top: 10px !important;}&#8221;][vc_single_image image=&#8221;118&#8243; img_size=&#8221;full&#8221; alignment=&#8221;center&#8221; style=&#8221;vc_box_outline&#8221; border_color=&#8221;black&#8221; css=&#8221;&#8221;][\/vc_column_inner][vc_column_inner width=&#8221;1\/2&#8243; css=&#8221;.vc_custom_1750663064204{padding-top: 10px !important;}&#8221;][vc_single_image image=&#8221;117&#8243; img_size=&#8221;full&#8221; alignment=&#8221;center&#8221; style=&#8221;vc_box_outline&#8221; border_color=&#8221;black&#8221; css=&#8221;&#8221;][\/vc_column_inner][\/vc_row_inner][vc_row_inner equal_height=&#8221;yes&#8221; content_placement=&#8221;top&#8221; css=&#8221;.vc_custom_1749044598360{padding-top: 40px !important;}&#8221;][\/vc_row_inner][\/vc_column][\/vc_row][vc_row fullscreen=&#8221;yes&#8221; enable_shape_divider=&#8221;true&#8221; shape_divider_color=&#8221;#E0C99F&#8221; enable_bot_shape_divider=&#8221;true&#8221; bot_shape_divider_color=&#8221;#611C1C&#8221; col_overlay=&#8221;#00000066&#8243; section_id=&#8221;info&#8221; css=&#8221;.vc_custom_1750854699351{padding-top: 80px !important;padding-bottom: 40px !important;background-image: url(https:\/\/ravintolapalkki.fi\/wp-content\/uploads\/2025\/06\/GGG-1.jpg?id=66) !important;}&#8221; shape_type=&#8221;waves_opacity_alt&#8221; bot_shape_type=&#8221;clouds&#8221;][vc_column][vc_custom_heading text=&#8221;Aukioloajat &amp; Sijainti&#8221; font_container=&#8221;tag:h2|font_size:39|text_align:left|color:%23EFD8B6&#8243; use_theme_fonts=&#8221;yes&#8221; css=&#8221;.vc_custom_1750854611296{padding-top: 30px !important;}&#8221;][vc_column_inner width=&#8221;1\/4&#8243;][\/vc_column_inner][vc_row_inner content_placement=&#8221;middle&#8221; css=&#8221;.vc_custom_1750661117028{background: #B73030 url(https:\/\/ravintolapalkki.fi\/wp-content\/uploads\/2025\/06\/y2.jpg?id=33) !important;border-radius: 5px !important;border-color: #DD9933 !important;}&#8221;][vc_column_inner width=&#8221;2\/12&#8243;][vc_single_image image=&#8221;73&#8243; img_size=&#8221;full&#8221; alignment=&#8221;center&#8221; style=&#8221;vc_box_outline&#8221; border_color=&#8221;orange&#8221; css_animation=&#8221;bounceInUp&#8221; css=&#8221;.vc_custom_1750857492817{padding-bottom: 15px !important;}&#8221;][vc_custom_heading text=&#8221;&#8221; font_container=&#8221;tag:p|font_size:19|text_align:left|color:%23ffffff&#8221; use_theme_fonts=&#8221;yes&#8221; css=&#8221;&#8221; el_class=&#8221;font_weight_700&#8243;][\/vc_column_inner][vc_column_inner width=&#8221;6\/12&#8243; css=&#8221;.vc_custom_1511197269615{margin-bottom: 40px !important;border-bottom-width: 1px !important;padding-bottom: 40px !important;border-bottom-color: #242424 !important;border-bottom-style: solid !important;}&#8221;][vc_column_text css=&#8221;.vc_custom_1750854877587{padding-top: 20px !important;}&#8221; font_color=&#8221;#FFEFEF&#8221;]<b>Ravintola Palkki<\/b><b><\/b><\/p>\n<p>\ud83d\udccd Treduntie 1, 33400 Tampere<br \/>\n<span class=\"Apple-converted-space\">\u00a0 <\/span><b>email<\/b> <strong><a href=\"mailto:ravintolapalkki@gmail.com\">ravintolapalkki@gmail.com<\/a><\/strong><\/p>\n<p>\ud83d\udd52<b> Auki s\u00e4\u00e4st\u00e4 riippuen \u2013 mutta maku on aina varma.<\/b><\/p>\n<p>Palkki on auki <b>maanantaista sunnuntaihin klo 12 alkaen<\/b>, <b>s\u00e4\u00e4varauksella<\/b>.<br \/>\nAurinko paistaa, grilli kuumenee ja drinkit virtaa \u2013 mutta jos taivas repe\u00e4\u00e4 ja ukkonen jyrisee, joudumme pit\u00e4m\u00e4\u00e4n luukut kiinni.<\/p>\n<p>\ud83d\udc49 Tarkista p\u00e4iv\u00e4n tilanne meid\u00e4n <b>Instagramista @ravintola_palkki<\/b>[\/vc_column_text][\/vc_column_inner][vc_column_inner width=&#8221;1\/12&#8243; offset=&#8221;vc_col-lg-offset-1 vc_col-lg-3&#8243;][vc_single_image image=&#8221;102&#8243; img_size=&#8221;full&#8221; alignment=&#8221;center&#8221; style=&#8221;vc_box_outline&#8221; border_color=&#8221;orange&#8221; css_animation=&#8221;bounceInUp&#8221; css=&#8221;.vc_custom_1750857485655{padding-bottom: 15px !important;}&#8221;][\/vc_column_inner][\/vc_row_inner][vc_row_inner equal_height=&#8221;yes&#8221; content_placement=&#8221;top&#8221; css=&#8221;.vc_custom_1749044598360{padding-top: 40px !important;}&#8221;][vc_column_inner width=&#8221;1\/3&#8243; css=&#8221;.vc_custom_1750663054159{padding-top: 10px !important;}&#8221;][vc_single_image image=&#8221;22&#8243; img_size=&#8221;large&#8221; alignment=&#8221;center&#8221; style=&#8221;vc_box_outline&#8221; border_color=&#8221;orange&#8221; css_animation=&#8221;bounceInUp&#8221; css=&#8221;.vc_custom_1750857430915{padding-top: 10px !important;}&#8221;][\/vc_column_inner][vc_column_inner width=&#8221;1\/3&#8243; css=&#8221;.vc_custom_1750864479263{padding-top: 10px !important;}&#8221;][vc_single_image image=&#8221;20&#8243; img_size=&#8221;large&#8221; alignment=&#8221;center&#8221; style=&#8221;vc_box_outline&#8221; border_color=&#8221;orange&#8221; css_animation=&#8221;bounceInUp&#8221; css=&#8221;.vc_custom_1750857452635{padding-top: 10px !important;}&#8221;][\/vc_column_inner][vc_column_inner width=&#8221;1\/3&#8243; css=&#8221;.vc_custom_1750864486154{padding-top: 10px !important;}&#8221;][vc_single_image image=&#8221;23&#8243; img_size=&#8221;large&#8221; alignment=&#8221;center&#8221; style=&#8221;vc_box_outline&#8221; border_color=&#8221;orange&#8221; css_animation=&#8221;bounceInUp&#8221; css=&#8221;.vc_custom_1750857441679{padding-top: 10px !important;}&#8221;][\/vc_column_inner][\/vc_row_inner][\/vc_column][\/vc_row][vc_row fullscreen=&#8221;yes&#8221; content_placement=&#8221;middle&#8221; enable_shape_divider=&#8221;true&#8221; shape_divider_color=&#8221;#611C1C&#8221; enable_gradient=&#8221;true&#8221; col_overlay=&#8221;#FFFFFF00&#8243; col_overlay2=&#8221;#8A1414D9&#8243; cr_slider_deg=&#8221;360&#8243; section_id=&#8221;yhteys&#8221; shape_type=&#8221;graph2&#8243;][vc_column][vc_custom_heading text=&#8221;Yhteystiedot&#8221; font_container=&#8221;tag:h1|font_size:39|text_align:center|color:%23FFFBDB&#8221; use_theme_fonts=&#8221;yes&#8221; css=&#8221;.vc_custom_1750867203682{margin-bottom: 20px !important;}&#8221;][vc_row_inner css=&#8221;.vc_custom_1750864950228{border-bottom-width: 0px !important;padding-bottom: 0px !important;border-bottom-style: solid !important;border-color: #242424 !important;}&#8221;][vc_column_inner width=&#8221;1\/3&#8243;][\/vc_column_inner][vc_column_inner width=&#8221;1\/3&#8243;][vc_column_text css=&#8221;&#8221;]\n<div>\n<div class=\"x11i5rnm xat24cr x1mh8g0r x1vvkbs xtlvy1s x126k92a\">\n<h3 dir=\"auto\" style=\"text-align: center;\"><a href=\"mailto:info@ravintolapalkki.fi\">info@ravintolapalkki.fi<\/a><\/h3>\n<\/div>\n<div class=\"x11i5rnm xat24cr x1mh8g0r x1vvkbs xtlvy1s x126k92a\">\n<div dir=\"auto\"><\/div>\n<\/div>\n<div class=\"x11i5rnm xat24cr x1mh8g0r x1vvkbs xtlvy1s x126k92a\"><\/div>\n<\/div>\n<div dir=\"auto\"><\/div>\n[\/vc_column_text][vc_column_text css=&#8221;.vc_custom_1750500828883{padding-top: 20px !important;}&#8221;]\n<div>\n<div class=\"x11i5rnm xat24cr x1mh8g0r x1vvkbs xtlvy1s x126k92a\"><\/div>\n<p style=\"text-align: center;\">Treduntie 1, 33400 Tampere<\/p>\n<div class=\"x11i5rnm xat24cr x1mh8g0r x1vvkbs xtlvy1s x126k92a\">\n<div dir=\"auto\"><\/div>\n<\/div>\n<div class=\"x11i5rnm xat24cr x1mh8g0r x1vvkbs xtlvy1s x126k92a\"><\/div>\n<\/div>\n<div dir=\"auto\"><\/div>\n[\/vc_column_text][\/vc_column_inner][vc_column_inner width=&#8221;1\/3&#8243;][\/vc_column_inner][\/vc_row_inner][vc_row_inner css=&#8221;.vc_custom_1750865051034{border-bottom-width: 0px !important;padding-top: 30px !important;padding-bottom: 0px !important;border-bottom-style: solid !important;border-color: #242424 !important;}&#8221;][vc_column_inner width=&#8221;1\/3&#8243;][vc_single_image image=&#8221;131&#8243; alignment=&#8221;center&#8221; onclick=&#8221;custom_link&#8221; img_link_target=&#8221;_blank&#8221; css_animation=&#8221;bounceIn&#8221; css=&#8221;&#8221; link=&#8221;https:\/\/www.instagram.com\/ravintola_palkki\/&#8221;][\/vc_column_inner][vc_column_inner width=&#8221;1\/3&#8243;][vc_single_image image=&#8221;130&#8243; alignment=&#8221;center&#8221; onclick=&#8221;custom_link&#8221; img_link_target=&#8221;_blank&#8221; css_animation=&#8221;bounceIn&#8221; css=&#8221;&#8221; link=&#8221;https:\/\/www.facebook.com\/RavintolaPalkki\/&#8221;][\/vc_column_inner][vc_column_inner width=&#8221;1\/3&#8243;][vc_single_image image=&#8221;129&#8243; alignment=&#8221;center&#8221; onclick=&#8221;custom_link&#8221; img_link_target=&#8221;_blank&#8221; css_animation=&#8221;bounceIn&#8221; css=&#8221;&#8221; link=&#8221;https:\/\/www.tiktok.com\/@ravintola.palkki&#8221;][\/vc_column_inner][\/vc_row_inner][\/vc_column][\/vc_row][vc_row col_overlay=&#8221;#000000A3&#8243;][vc_column][vc_custom_heading text=&#8221;Galleria&#8221; use_theme_fonts=&#8221;yes&#8221; css=&#8221;.vc_custom_1750865947953{padding-top: 10px !important;padding-bottom: 10px !important;}&#8221; el_id=&#8221;galleria&#8221;][\/vc_column][\/vc_row][vc_row col_overlay=&#8221;#00000073&#8243; css=&#8221;.vc_custom_1750865215076{padding-top: 40px !important;padding-bottom: 60px !important;}&#8221;][vc_column width=&#8221;1\/4&#8243;][vc_single_image image=&#8221;79&#8243; img_size=&#8221;full&#8221; alignment=&#8221;center&#8221; style=&#8221;vc_box_border_circle&#8221; onclick=&#8221;link_image&#8221; css=&#8221;&#8221;][\/vc_column][vc_column width=&#8221;1\/4&#8243;][vc_single_image image=&#8221;81&#8243; img_size=&#8221;full&#8221; alignment=&#8221;center&#8221; style=&#8221;vc_box_border&#8221; onclick=&#8221;link_image&#8221; css=&#8221;&#8221;][\/vc_column][vc_column width=&#8221;1\/4&#8243;][vc_single_image image=&#8221;77&#8243; img_size=&#8221;full&#8221; alignment=&#8221;center&#8221; style=&#8221;vc_box_border&#8221; onclick=&#8221;link_image&#8221; css=&#8221;&#8221;][\/vc_column][vc_column width=&#8221;1\/4&#8243;][vc_single_image image=&#8221;78&#8243; img_size=&#8221;full&#8221; alignment=&#8221;center&#8221; style=&#8221;vc_box_border&#8221; onclick=&#8221;link_image&#8221; css=&#8221;&#8221;][\/vc_column][\/vc_row]\n<\/div>","protected":false},"excerpt":{"rendered":"<p>[vc_row fullscreen=&#8221;yes&#8221; eq_height=&#8221;yes&#8221; content_placement=&#8221;middle&#8221; parallax=&#8221;yes&#8221; enable_bot_shape_divider=&#8221;true&#8221; bot_shape_divider_color=&#8221;#E0C99F&#8221; enable_gradient=&#8221;true&#8221; col_overlay=&#8221;#FFFFFF00&#8243; col_overlay2=&#8221;#B32323C7&#8243; cr_slider_deg=&#8221;180&#8243; css=&#8221;.vc_custom_1750866055133{padding-top: 10px !important;padding-right: 10px !important;padding-bottom: 130px !important;padding-left: 10px !important;}&#8221; bot_shape_type=&#8221;waves&#8221;][vc_column width=&#8221;1\/2&#8243;][vc_single_image image=&#8221;13&#8243; img_size=&#8221;full&#8221; alignment=&#8221;center&#8221; style=&#8221;vc_box_shadow_3d&#8221; css=&#8221;&#8221;][\/vc_column][vc_column col_shadow=&#8221;&#8221; width=&#8221;1\/2&#8243; css=&#8221;.vc_custom_1749045209149{background-color: #00000000 !important;}&#8221;][vc_column_text css=&#8221;.vc_custom_1750406824006{background-color: #FFFFFF00 !important;}&#8221; el_class=&#8221;font_weight_700&#8243; font_color=&#8221;#FFFBDB&#8221;] Rosoista ruokaa. Ronskia makua. [\/vc_column_text][vc_column_text css=&#8221;.vc_custom_1750406854734{padding-top: 20px !important;}&#8221; line_height=&#8221;17px&#8221;]Meill\u00e4 ei piperryst\u00e4 tunneta \u2013 Palkin burgereissa on kokoa, makua&#8230;<\/p>\n","protected":false},"author":1,"featured_media":0,"parent":0,"menu_order":0,"comment_status":"closed","ping_status":"closed","template":"page-one-full.php","meta":{"footnotes":""},"class_list":["post-9","page","type-page","status-publish","hentry"],"_links":{"self":[{"href":"https:\/\/ravintolapalkki.fi\/index.php\/wp-json\/wp\/v2\/pages\/9","targetHints":{"allow":["GET"]}}],"collection":[{"href":"https:\/\/ravintolapalkki.fi\/index.php\/wp-json\/wp\/v2\/pages"}],"about":[{"href":"https:\/\/ravintolapalkki.fi\/index.php\/wp-json\/wp\/v2\/types\/page"}],"author":[{"embeddable":true,"href":"https:\/\/ravintolapalkki.fi\/index.php\/wp-json\/wp\/v2\/users\/1"}],"replies":[{"embeddable":true,"href":"https:\/\/ravintolapalkki.fi\/index.php\/wp-json\/wp\/v2\/comments?post=9"}],"version-history":[{"count":87,"href":"https:\/\/ravintolapalkki.fi\/index.php\/wp-json\/wp\/v2\/pages\/9\/revisions"}],"predecessor-version":[{"id":114,"href":"https:\/\/ravintolapalkki.fi\/index.php\/wp-json\/wp\/v2\/pages\/9\/revisions\/114"}],"wp:attachment":[{"href":"https:\/\/ravintolapalkki.fi\/index.php\/wp-json\/wp\/v2\/media?parent=9"}],"curies":[{"name":"wp","href":"https:\/\/api.w.org\/{rel}","templated":true}]}}